{"id":368,"date":"2025-11-05T18:08:58","date_gmt":"2025-11-05T18:08:58","guid":{"rendered":"https:\/\/nicfa.ai\/airflow-ultra\/"},"modified":"2025-11-25T17:14:49","modified_gmt":"2025-11-25T17:14:49","slug":"airflow-ultra","status":"publish","type":"page","link":"https:\/\/nicfa.ai\/es\/airflow-ultra\/","title":{"rendered":"Airflow Ultra"},"content":{"rendered":"<div id=\"cs-content\" class=\"cs-content\"><\/div>\n","protected":false},"excerpt":{"rendered":"<p>Nicfa Airflow Ultra: el futuro de los sistemas de filtrado inteligentes. Con Nicfa Airflow Ultra, el tratamiento del aire entra en una nueva dimensi\u00f3n: componentes de excelencia, par\u00e1metros ambientales constantemente monitorizados y gesti\u00f3n adaptativa gracias al sistema Nicfa Smart System.&nbsp; Ideal para quir\u00f3fanos cr\u00edticos ISO5, donde la tecnolog\u00eda se convierte en una herramienta esencial para la seguridad y el control &#8230; <\/p>\n<div><a href=\"https:\/\/nicfa.ai\/es\/airflow-ultra\/\" class=\"more-link\">Read More<\/a><\/div>\n","protected":false},"author":1,"featured_media":0,"parent":0,"menu_order":0,"comment_status":"closed","ping_status":"closed","template":"template-blank-4.php","meta":{"footnotes":""},"class_list":["post-368","page","type-page","status-publish","hentry","no-post-thumbnail"],"_hostinger_reach_plugin_has_subscription_block":false,"_hostinger_reach_plugin_is_elementor":false,"_links":{"self":[{"href":"https:\/\/nicfa.ai\/es\/wp-json\/wp\/v2\/pages\/368","targetHints":{"allow":["GET"]}}],"collection":[{"href":"https:\/\/nicfa.ai\/es\/wp-json\/wp\/v2\/pages"}],"about":[{"href":"https:\/\/nicfa.ai\/es\/wp-json\/wp\/v2\/types\/page"}],"author":[{"embeddable":true,"href":"https:\/\/nicfa.ai\/es\/wp-json\/wp\/v2\/users\/1"}],"replies":[{"embeddable":true,"href":"https:\/\/nicfa.ai\/es\/wp-json\/wp\/v2\/comments?post=368"}],"version-history":[{"count":3,"href":"https:\/\/nicfa.ai\/es\/wp-json\/wp\/v2\/pages\/368\/revisions"}],"predecessor-version":[{"id":477,"href":"https:\/\/nicfa.ai\/es\/wp-json\/wp\/v2\/pages\/368\/revisions\/477"}],"wp:attachment":[{"href":"https:\/\/nicfa.ai\/es\/wp-json\/wp\/v2\/media?parent=368"}],"curies":[{"name":"wp","href":"https:\/\/api.w.org\/{rel}","templated":true}]}}