{"id":376,"date":"2025-11-07T01:56:57","date_gmt":"2025-11-07T01:56:57","guid":{"rendered":"https:\/\/nicfa.ai\/airflow-hybrid\/"},"modified":"2025-11-25T17:31:25","modified_gmt":"2025-11-25T17:31:25","slug":"airflow-hybrid","status":"publish","type":"page","link":"https:\/\/nicfa.ai\/es\/airflow-hybrid\/","title":{"rendered":"Airflow Hybrid"},"content":{"rendered":"<div id=\"cs-content\" class=\"cs-content\"><\/div>\n","protected":false},"excerpt":{"rendered":"<p>Nicfa Airflow Hybrid: el sistema de filtraci\u00f3n dise\u00f1ado para salas h\u00edbridas. Dise\u00f1ado para abordar las complejidades t\u00e9cnicas y espaciales de los quir\u00f3fanos h\u00edbridos, Nicfa Airflow Hybrid se adapta perfectamente a la infraestructura de los sistemas de angiograf\u00eda monoplano y biplano montados en el techo de Philips, lo que garantiza la m\u00e1xima calidad del aire, un flujo laminar uniforme y una &#8230; <\/p>\n<div><a href=\"https:\/\/nicfa.ai\/es\/airflow-hybrid\/\" class=\"more-link\">Read More<\/a><\/div>\n","protected":false},"author":1,"featured_media":0,"parent":0,"menu_order":0,"comment_status":"closed","ping_status":"closed","template":"template-blank-4.php","meta":{"footnotes":""},"class_list":["post-376","page","type-page","status-publish","hentry","no-post-thumbnail"],"_hostinger_reach_plugin_has_subscription_block":false,"_hostinger_reach_plugin_is_elementor":false,"_links":{"self":[{"href":"https:\/\/nicfa.ai\/es\/wp-json\/wp\/v2\/pages\/376","targetHints":{"allow":["GET"]}}],"collection":[{"href":"https:\/\/nicfa.ai\/es\/wp-json\/wp\/v2\/pages"}],"about":[{"href":"https:\/\/nicfa.ai\/es\/wp-json\/wp\/v2\/types\/page"}],"author":[{"embeddable":true,"href":"https:\/\/nicfa.ai\/es\/wp-json\/wp\/v2\/users\/1"}],"replies":[{"embeddable":true,"href":"https:\/\/nicfa.ai\/es\/wp-json\/wp\/v2\/comments?post=376"}],"version-history":[{"count":3,"href":"https:\/\/nicfa.ai\/es\/wp-json\/wp\/v2\/pages\/376\/revisions"}],"predecessor-version":[{"id":483,"href":"https:\/\/nicfa.ai\/es\/wp-json\/wp\/v2\/pages\/376\/revisions\/483"}],"wp:attachment":[{"href":"https:\/\/nicfa.ai\/es\/wp-json\/wp\/v2\/media?parent=376"}],"curies":[{"name":"wp","href":"https:\/\/api.w.org\/{rel}","templated":true}]}}