{"id":392,"date":"2025-11-07T03:26:22","date_gmt":"2025-11-07T03:26:22","guid":{"rendered":"https:\/\/nicfa.ai\/virtuoso\/"},"modified":"2025-11-25T17:35:18","modified_gmt":"2025-11-25T17:35:18","slug":"virtuoso","status":"publish","type":"page","link":"https:\/\/nicfa.ai\/es\/virtuoso\/","title":{"rendered":"Virtuoso"},"content":{"rendered":"<div id=\"cs-content\" class=\"cs-content\"><\/div>\n","protected":false},"excerpt":{"rendered":"<p>Reduzca el riesgo de infecci\u00f3n: proteja a quienes le cuidan y a quienes dependen de usted. VIRTUOSO es un sistema modular que permite transformar r\u00e1pidamente una habitaci\u00f3n de hospital en un espacio de presi\u00f3n negativa, reduciendo el riesgo de infecci\u00f3n de forma espec\u00edfica y flexible.Gracias a sus dos modos de funcionamiento, permite adaptar cada habitaci\u00f3n a las necesidades del momento &#8230; <\/p>\n<div><a href=\"https:\/\/nicfa.ai\/es\/virtuoso\/\" class=\"more-link\">Read More<\/a><\/div>\n","protected":false},"author":1,"featured_media":0,"parent":0,"menu_order":0,"comment_status":"closed","ping_status":"closed","template":"template-blank-4.php","meta":{"footnotes":""},"class_list":["post-392","page","type-page","status-publish","hentry","no-post-thumbnail"],"_hostinger_reach_plugin_has_subscription_block":false,"_hostinger_reach_plugin_is_elementor":false,"_links":{"self":[{"href":"https:\/\/nicfa.ai\/es\/wp-json\/wp\/v2\/pages\/392","targetHints":{"allow":["GET"]}}],"collection":[{"href":"https:\/\/nicfa.ai\/es\/wp-json\/wp\/v2\/pages"}],"about":[{"href":"https:\/\/nicfa.ai\/es\/wp-json\/wp\/v2\/types\/page"}],"author":[{"embeddable":true,"href":"https:\/\/nicfa.ai\/es\/wp-json\/wp\/v2\/users\/1"}],"replies":[{"embeddable":true,"href":"https:\/\/nicfa.ai\/es\/wp-json\/wp\/v2\/comments?post=392"}],"version-history":[{"count":3,"href":"https:\/\/nicfa.ai\/es\/wp-json\/wp\/v2\/pages\/392\/revisions"}],"predecessor-version":[{"id":499,"href":"https:\/\/nicfa.ai\/es\/wp-json\/wp\/v2\/pages\/392\/revisions\/499"}],"wp:attachment":[{"href":"https:\/\/nicfa.ai\/es\/wp-json\/wp\/v2\/media?parent=392"}],"curies":[{"name":"wp","href":"https:\/\/api.w.org\/{rel}","templated":true}]}}