{"id":400,"date":"2025-11-07T03:50:05","date_gmt":"2025-11-07T03:50:05","guid":{"rendered":"https:\/\/nicfa.ai\/azienda\/"},"modified":"2025-11-25T17:36:44","modified_gmt":"2025-11-25T17:36:44","slug":"azienda","status":"publish","type":"page","link":"https:\/\/nicfa.ai\/es\/azienda\/","title":{"rendered":"Empresa"},"content":{"rendered":"<div id=\"cs-content\" class=\"cs-content\"><\/div>\n","protected":false},"excerpt":{"rendered":"<p>Experiencia e innovaci\u00f3n al servicio de la asistencia sanitaria Nicfa se fund\u00f3 en 2017 sobre la base de m\u00e1s de veinte a\u00f1os de experiencia en el campo de los sistemas de instalaciones para quir\u00f3fanos y departamentos de alta complejidad. El objetivo: desarrollar soluciones tecnol\u00f3gicas para el tratamiento del aire y la gesti\u00f3n ambiental que cumplan con los requisitos de seguridad, &#8230; <\/p>\n<div><a href=\"https:\/\/nicfa.ai\/es\/azienda\/\" class=\"more-link\">Read More<\/a><\/div>\n","protected":false},"author":1,"featured_media":0,"parent":0,"menu_order":0,"comment_status":"closed","ping_status":"closed","template":"template-blank-4.php","meta":{"footnotes":""},"class_list":["post-400","page","type-page","status-publish","hentry","no-post-thumbnail"],"_hostinger_reach_plugin_has_subscription_block":false,"_hostinger_reach_plugin_is_elementor":false,"_links":{"self":[{"href":"https:\/\/nicfa.ai\/es\/wp-json\/wp\/v2\/pages\/400","targetHints":{"allow":["GET"]}}],"collection":[{"href":"https:\/\/nicfa.ai\/es\/wp-json\/wp\/v2\/pages"}],"about":[{"href":"https:\/\/nicfa.ai\/es\/wp-json\/wp\/v2\/types\/page"}],"author":[{"embeddable":true,"href":"https:\/\/nicfa.ai\/es\/wp-json\/wp\/v2\/users\/1"}],"replies":[{"embeddable":true,"href":"https:\/\/nicfa.ai\/es\/wp-json\/wp\/v2\/comments?post=400"}],"version-history":[{"count":4,"href":"https:\/\/nicfa.ai\/es\/wp-json\/wp\/v2\/pages\/400\/revisions"}],"predecessor-version":[{"id":507,"href":"https:\/\/nicfa.ai\/es\/wp-json\/wp\/v2\/pages\/400\/revisions\/507"}],"wp:attachment":[{"href":"https:\/\/nicfa.ai\/es\/wp-json\/wp\/v2\/media?parent=400"}],"curies":[{"name":"wp","href":"https:\/\/api.w.org\/{rel}","templated":true}]}}