{"id":409,"date":"2025-11-07T04:03:48","date_gmt":"2025-11-07T04:03:48","guid":{"rendered":"https:\/\/nicfa.ai\/contatti\/"},"modified":"2026-04-02T07:48:13","modified_gmt":"2026-04-02T07:48:13","slug":"contatti","status":"publish","type":"page","link":"https:\/\/nicfa.ai\/es\/contatti\/","title":{"rendered":"Contacto"},"content":{"rendered":"<div id=\"cs-content\" class=\"cs-content\"><\/div>\n","protected":false},"excerpt":{"rendered":"<p>Contacto Trabajamos codo a codo con los clientes, ofreciendo soluciones a medida y acompa\u00f1\u00e1ndolos en cada fase: dise\u00f1o, instalaci\u00f3n, formaci\u00f3n.\u00bfNuestra fortaleza? Un equipo altamente cualificado y capaz de unir rigor t\u00e9cnico y creatividad proyectual.+39 348 2296566info@nicfa.aiAsistencia t\u00e9cnica y apoyo en el dise\u00f1o: hablemos juntos de su proyecto. P\u00f3ngase en contacto con nosotros para recibir asesoramiento personalizado, asistencia espec\u00edfica o una &#8230; <\/p>\n<div><a href=\"https:\/\/nicfa.ai\/es\/contatti\/\" class=\"more-link\">Read More<\/a><\/div>\n","protected":false},"author":1,"featured_media":0,"parent":0,"menu_order":0,"comment_status":"closed","ping_status":"closed","template":"template-blank-4.php","meta":{"footnotes":""},"class_list":["post-409","page","type-page","status-publish","hentry","no-post-thumbnail"],"_hostinger_reach_plugin_has_subscription_block":false,"_hostinger_reach_plugin_is_elementor":false,"_links":{"self":[{"href":"https:\/\/nicfa.ai\/es\/wp-json\/wp\/v2\/pages\/409","targetHints":{"allow":["GET"]}}],"collection":[{"href":"https:\/\/nicfa.ai\/es\/wp-json\/wp\/v2\/pages"}],"about":[{"href":"https:\/\/nicfa.ai\/es\/wp-json\/wp\/v2\/types\/page"}],"author":[{"embeddable":true,"href":"https:\/\/nicfa.ai\/es\/wp-json\/wp\/v2\/users\/1"}],"replies":[{"embeddable":true,"href":"https:\/\/nicfa.ai\/es\/wp-json\/wp\/v2\/comments?post=409"}],"version-history":[{"count":7,"href":"https:\/\/nicfa.ai\/es\/wp-json\/wp\/v2\/pages\/409\/revisions"}],"predecessor-version":[{"id":601,"href":"https:\/\/nicfa.ai\/es\/wp-json\/wp\/v2\/pages\/409\/revisions\/601"}],"wp:attachment":[{"href":"https:\/\/nicfa.ai\/es\/wp-json\/wp\/v2\/media?parent=409"}],"curies":[{"name":"wp","href":"https:\/\/api.w.org\/{rel}","templated":true}]}}