{"id":536,"date":"2025-11-14T06:07:08","date_gmt":"2025-11-14T06:07:08","guid":{"rendered":"https:\/\/nicfa.ai\/cookie-policy-ue-en-es\/"},"modified":"2025-11-26T11:44:56","modified_gmt":"2025-11-26T11:44:56","slug":"politica-de-cookies-ue","status":"publish","type":"page","link":"https:\/\/nicfa.ai\/es\/politica-de-cookies-ue\/","title":{"rendered":"Pol\u00edtica de cookies (UE)"},"content":{"rendered":"<div id=\"cs-content\" class=\"cs-content\"><\/div>\n","protected":false},"excerpt":{"rendered":"<p>Pol&iacute;tica de cookies (UE) Esta pol\u00edtica de cookies fue actualizada por \u00faltima vez el noviembre 26, 2025 y se aplica a los ciudadanos y residentes legales permanentes del Espacio Econ\u00f3mico Europeo y Suiza.1. Introducci\u00f3nNuestra web, https:\/\/nicfa.ai\/es\/ (en adelante: \u00abla web\u00bb) utiliza cookies y otras tecnolog\u00edas relacionadas (para mayor comodidad, todas las tecnolog\u00edas se denominan \u00abcookies\u00bb). Las cookies tambi\u00e9n son colocadas &#8230; <\/p>\n<div><a href=\"https:\/\/nicfa.ai\/es\/politica-de-cookies-ue\/\" class=\"more-link\">Read More<\/a><\/div>\n","protected":false},"author":1,"featured_media":0,"parent":0,"menu_order":0,"comment_status":"closed","ping_status":"closed","template":"template-blank-4.php","meta":{"footnotes":""},"class_list":["post-536","page","type-page","status-publish","hentry","no-post-thumbnail"],"_hostinger_reach_plugin_has_subscription_block":false,"_hostinger_reach_plugin_is_elementor":false,"_links":{"self":[{"href":"https:\/\/nicfa.ai\/es\/wp-json\/wp\/v2\/pages\/536","targetHints":{"allow":["GET"]}}],"collection":[{"href":"https:\/\/nicfa.ai\/es\/wp-json\/wp\/v2\/pages"}],"about":[{"href":"https:\/\/nicfa.ai\/es\/wp-json\/wp\/v2\/types\/page"}],"author":[{"embeddable":true,"href":"https:\/\/nicfa.ai\/es\/wp-json\/wp\/v2\/users\/1"}],"replies":[{"embeddable":true,"href":"https:\/\/nicfa.ai\/es\/wp-json\/wp\/v2\/comments?post=536"}],"version-history":[{"count":6,"href":"https:\/\/nicfa.ai\/es\/wp-json\/wp\/v2\/pages\/536\/revisions"}],"predecessor-version":[{"id":542,"href":"https:\/\/nicfa.ai\/es\/wp-json\/wp\/v2\/pages\/536\/revisions\/542"}],"wp:attachment":[{"href":"https:\/\/nicfa.ai\/es\/wp-json\/wp\/v2\/media?parent=536"}],"curies":[{"name":"wp","href":"https:\/\/api.w.org\/{rel}","templated":true}]}}