{"id":358,"date":"2025-11-03T12:31:22","date_gmt":"2025-11-03T12:31:22","guid":{"rendered":"https:\/\/nicfa.ai\/home\/"},"modified":"2025-11-25T18:04:11","modified_gmt":"2025-11-25T18:04:11","slug":"home","status":"publish","type":"page","link":"https:\/\/nicfa.ai\/fr\/","title":{"rendered":"Home"},"content":{"rendered":"<div id=\"cs-content\" class=\"cs-content\"><\/div>\n","protected":false},"excerpt":{"rendered":"<p>La s\u00e9curit\u00e9 commence par la qualit\u00e9 de l&rsquo;air. Nous rendons les h\u00f4pitaux plus s\u00fbrs et prot\u00e9geons davantage les personnes en apportant la technologie, les donn\u00e9es et l&rsquo;innovation l\u00e0 o\u00f9 les gens sont soign\u00e9s, prot\u00e9g\u00e9s et sauv\u00e9s.Chaque jour, nous \u0153uvrons pour assurer la s\u00e9curit\u00e9 de ceux qui comptent sur nous, garantir la tranquillit\u00e9 d&rsquo;esprit de ceux qui travaillent et fournir des &#8230; <\/p>\n<div><a href=\"https:\/\/nicfa.ai\/fr\/\" class=\"more-link\">Read More<\/a><\/div>\n","protected":false},"author":1,"featured_media":0,"parent":0,"menu_order":0,"comment_status":"closed","ping_status":"closed","template":"template-blank-4.php","meta":{"footnotes":""},"class_list":["post-358","page","type-page","status-publish","hentry","no-post-thumbnail"],"_hostinger_reach_plugin_has_subscription_block":false,"_hostinger_reach_plugin_is_elementor":false,"_links":{"self":[{"href":"https:\/\/nicfa.ai\/fr\/wp-json\/wp\/v2\/pages\/358","targetHints":{"allow":["GET"]}}],"collection":[{"href":"https:\/\/nicfa.ai\/fr\/wp-json\/wp\/v2\/pages"}],"about":[{"href":"https:\/\/nicfa.ai\/fr\/wp-json\/wp\/v2\/types\/page"}],"author":[{"embeddable":true,"href":"https:\/\/nicfa.ai\/fr\/wp-json\/wp\/v2\/users\/1"}],"replies":[{"embeddable":true,"href":"https:\/\/nicfa.ai\/fr\/wp-json\/wp\/v2\/comments?post=358"}],"version-history":[{"count":1,"href":"https:\/\/nicfa.ai\/fr\/wp-json\/wp\/v2\/pages\/358\/revisions"}],"predecessor-version":[{"id":362,"href":"https:\/\/nicfa.ai\/fr\/wp-json\/wp\/v2\/pages\/358\/revisions\/362"}],"wp:attachment":[{"href":"https:\/\/nicfa.ai\/fr\/wp-json\/wp\/v2\/media?parent=358"}],"curies":[{"name":"wp","href":"https:\/\/api.w.org\/{rel}","templated":true}]}}