{"id":366,"date":"2025-11-05T18:08:58","date_gmt":"2025-11-05T18:08:58","guid":{"rendered":"https:\/\/nicfa.ai\/airflow-ultra\/"},"modified":"2025-11-26T07:45:54","modified_gmt":"2025-11-26T07:45:54","slug":"airflow-ultra","status":"publish","type":"page","link":"https:\/\/nicfa.ai\/fr\/airflow-ultra\/","title":{"rendered":"Airflow Ultra"},"content":{"rendered":"<div id=\"cs-content\" class=\"cs-content\"><\/div>\n","protected":false},"excerpt":{"rendered":"<p>Nicfa Airflow Ultra : la nouvelle g\u00e9n\u00e9ration des syst\u00e8mes de la filtration intelligente. Avec Nicfa Airflow Ultra, le traitement de l&rsquo;air entre dans une nouvelle dimension : des composants d&rsquo;excellence, des param\u00e8tres environnementaux constamment surveill\u00e9s et une gestion adaptative gr\u00e2ce au syst\u00e8me Nicfa Smart System.&nbsp; Il est id\u00e9al pour les salles d&rsquo;op\u00e9ration critiques ISO5, o\u00f9 la technologie devient un outil &#8230; <\/p>\n<div><a href=\"https:\/\/nicfa.ai\/fr\/airflow-ultra\/\" class=\"more-link\">Read More<\/a><\/div>\n","protected":false},"author":1,"featured_media":0,"parent":0,"menu_order":0,"comment_status":"closed","ping_status":"closed","template":"template-blank-4.php","meta":{"footnotes":""},"class_list":["post-366","page","type-page","status-publish","hentry","no-post-thumbnail"],"_hostinger_reach_plugin_has_subscription_block":false,"_hostinger_reach_plugin_is_elementor":false,"_links":{"self":[{"href":"https:\/\/nicfa.ai\/fr\/wp-json\/wp\/v2\/pages\/366","targetHints":{"allow":["GET"]}}],"collection":[{"href":"https:\/\/nicfa.ai\/fr\/wp-json\/wp\/v2\/pages"}],"about":[{"href":"https:\/\/nicfa.ai\/fr\/wp-json\/wp\/v2\/types\/page"}],"author":[{"embeddable":true,"href":"https:\/\/nicfa.ai\/fr\/wp-json\/wp\/v2\/users\/1"}],"replies":[{"embeddable":true,"href":"https:\/\/nicfa.ai\/fr\/wp-json\/wp\/v2\/comments?post=366"}],"version-history":[{"count":1,"href":"https:\/\/nicfa.ai\/fr\/wp-json\/wp\/v2\/pages\/366\/revisions"}],"predecessor-version":[{"id":370,"href":"https:\/\/nicfa.ai\/fr\/wp-json\/wp\/v2\/pages\/366\/revisions\/370"}],"wp:attachment":[{"href":"https:\/\/nicfa.ai\/fr\/wp-json\/wp\/v2\/media?parent=366"}],"curies":[{"name":"wp","href":"https:\/\/api.w.org\/{rel}","templated":true}]}}