{"id":374,"date":"2025-11-07T01:56:57","date_gmt":"2025-11-07T01:56:57","guid":{"rendered":"https:\/\/nicfa.ai\/airflow-hybrid\/"},"modified":"2025-11-26T07:54:04","modified_gmt":"2025-11-26T07:54:04","slug":"airflow-hybrid","status":"publish","type":"page","link":"https:\/\/nicfa.ai\/fr\/airflow-hybrid\/","title":{"rendered":"Airflow Hybrid"},"content":{"rendered":"<div id=\"cs-content\" class=\"cs-content\"><\/div>\n","protected":false},"excerpt":{"rendered":"<p>Nicfa Airflow Hybrid : le syst\u00e8me de filtration con\u00e7u pour les salles hybrides. Con\u00e7u pour r\u00e9pondre aux complexit\u00e9s techniques et spatiales des salles d&rsquo;op\u00e9ration hybrides, Nicfa Airflow Hybrid s&rsquo;int\u00e8gre parfaitement \u00e0 l&rsquo;infrastructure des syst\u00e8mes d&rsquo;angiographie \u00e0 plan unique et biplan mont\u00e9s au plafond de Philips. Il garantit ainsi une qualit\u00e9 d&rsquo;air optimale, un flux laminaire uniforme et une gestion dynamique &#8230; <\/p>\n<div><a href=\"https:\/\/nicfa.ai\/fr\/airflow-hybrid\/\" class=\"more-link\">Read More<\/a><\/div>\n","protected":false},"author":1,"featured_media":0,"parent":0,"menu_order":0,"comment_status":"closed","ping_status":"closed","template":"template-blank-4.php","meta":{"footnotes":""},"class_list":["post-374","page","type-page","status-publish","hentry","no-post-thumbnail"],"_hostinger_reach_plugin_has_subscription_block":false,"_hostinger_reach_plugin_is_elementor":false,"_links":{"self":[{"href":"https:\/\/nicfa.ai\/fr\/wp-json\/wp\/v2\/pages\/374","targetHints":{"allow":["GET"]}}],"collection":[{"href":"https:\/\/nicfa.ai\/fr\/wp-json\/wp\/v2\/pages"}],"about":[{"href":"https:\/\/nicfa.ai\/fr\/wp-json\/wp\/v2\/types\/page"}],"author":[{"embeddable":true,"href":"https:\/\/nicfa.ai\/fr\/wp-json\/wp\/v2\/users\/1"}],"replies":[{"embeddable":true,"href":"https:\/\/nicfa.ai\/fr\/wp-json\/wp\/v2\/comments?post=374"}],"version-history":[{"count":3,"href":"https:\/\/nicfa.ai\/fr\/wp-json\/wp\/v2\/pages\/374\/revisions"}],"predecessor-version":[{"id":479,"href":"https:\/\/nicfa.ai\/fr\/wp-json\/wp\/v2\/pages\/374\/revisions\/479"}],"wp:attachment":[{"href":"https:\/\/nicfa.ai\/fr\/wp-json\/wp\/v2\/media?parent=374"}],"curies":[{"name":"wp","href":"https:\/\/api.w.org\/{rel}","templated":true}]}}