{"id":382,"date":"2025-11-07T02:37:09","date_gmt":"2025-11-07T02:37:09","guid":{"rendered":"https:\/\/nicfa.ai\/airflow-essential\/"},"modified":"2025-11-26T08:02:38","modified_gmt":"2025-11-26T08:02:38","slug":"airflow-essential","status":"publish","type":"page","link":"https:\/\/nicfa.ai\/fr\/airflow-essential\/","title":{"rendered":"Airflow Essential"},"content":{"rendered":"<div id=\"cs-content\" class=\"cs-content\"><\/div>\n","protected":false},"excerpt":{"rendered":"<p>Nicfa Airflow Essential : flexibilit\u00e9 de construction, performances garanties. Con\u00e7u pour garantir la qualit\u00e9 de l&rsquo;air et la flexibilit\u00e9 du syst\u00e8me, &nbsp;Nicfa Airflow Essential est le syst\u00e8me de filtration id\u00e9al pour les environnements complexes et les salles d&rsquo;op\u00e9ration, y compris pendant les travaux de r\u00e9novation.En savoir plusDemander un conseilModularit\u00e9, efficacit\u00e9 et praticit\u00e9 dans un seul syst\u00e8me. Nicfa Airflow Essential garantit &#8230; <\/p>\n<div><a href=\"https:\/\/nicfa.ai\/fr\/airflow-essential\/\" class=\"more-link\">Read More<\/a><\/div>\n","protected":false},"author":1,"featured_media":0,"parent":0,"menu_order":0,"comment_status":"closed","ping_status":"closed","template":"template-blank-4.php","meta":{"footnotes":""},"class_list":["post-382","page","type-page","status-publish","hentry","no-post-thumbnail"],"_hostinger_reach_plugin_has_subscription_block":false,"_hostinger_reach_plugin_is_elementor":false,"_links":{"self":[{"href":"https:\/\/nicfa.ai\/fr\/wp-json\/wp\/v2\/pages\/382","targetHints":{"allow":["GET"]}}],"collection":[{"href":"https:\/\/nicfa.ai\/fr\/wp-json\/wp\/v2\/pages"}],"about":[{"href":"https:\/\/nicfa.ai\/fr\/wp-json\/wp\/v2\/types\/page"}],"author":[{"embeddable":true,"href":"https:\/\/nicfa.ai\/fr\/wp-json\/wp\/v2\/users\/1"}],"replies":[{"embeddable":true,"href":"https:\/\/nicfa.ai\/fr\/wp-json\/wp\/v2\/comments?post=382"}],"version-history":[{"count":3,"href":"https:\/\/nicfa.ai\/fr\/wp-json\/wp\/v2\/pages\/382\/revisions"}],"predecessor-version":[{"id":487,"href":"https:\/\/nicfa.ai\/fr\/wp-json\/wp\/v2\/pages\/382\/revisions\/487"}],"wp:attachment":[{"href":"https:\/\/nicfa.ai\/fr\/wp-json\/wp\/v2\/media?parent=382"}],"curies":[{"name":"wp","href":"https:\/\/api.w.org\/{rel}","templated":true}]}}