{"id":390,"date":"2025-11-07T03:26:22","date_gmt":"2025-11-07T03:26:22","guid":{"rendered":"https:\/\/nicfa.ai\/virtuoso\/"},"modified":"2025-11-26T08:09:09","modified_gmt":"2025-11-26T08:09:09","slug":"virtuoso","status":"publish","type":"page","link":"https:\/\/nicfa.ai\/fr\/virtuoso\/","title":{"rendered":"Virtuoso"},"content":{"rendered":"<div id=\"cs-content\" class=\"cs-content\"><\/div>\n","protected":false},"excerpt":{"rendered":"<p>R\u00e9duisez le risque d&rsquo;infection : prot\u00e9gez ceux qui prennent soin de vous et ceux sur qui vous comptez. Le syst\u00e8me modulaire VIRTUOSO permet de transformer rapidement une chambre d&rsquo;h\u00f4pital en un espace \u00e0 pression n\u00e9gative, r\u00e9duisant ainsi le risque d&rsquo;infection de mani\u00e8re cibl\u00e9e et flexible.Ses deux modes de fonctionnement vous permettent d&rsquo;adapter chaque chambre aux besoins du moment, sans intervention &#8230; <\/p>\n<div><a href=\"https:\/\/nicfa.ai\/fr\/virtuoso\/\" class=\"more-link\">Read More<\/a><\/div>\n","protected":false},"author":1,"featured_media":0,"parent":0,"menu_order":0,"comment_status":"closed","ping_status":"closed","template":"template-blank-4.php","meta":{"footnotes":""},"class_list":["post-390","page","type-page","status-publish","hentry","no-post-thumbnail"],"_hostinger_reach_plugin_has_subscription_block":false,"_hostinger_reach_plugin_is_elementor":false,"_links":{"self":[{"href":"https:\/\/nicfa.ai\/fr\/wp-json\/wp\/v2\/pages\/390","targetHints":{"allow":["GET"]}}],"collection":[{"href":"https:\/\/nicfa.ai\/fr\/wp-json\/wp\/v2\/pages"}],"about":[{"href":"https:\/\/nicfa.ai\/fr\/wp-json\/wp\/v2\/types\/page"}],"author":[{"embeddable":true,"href":"https:\/\/nicfa.ai\/fr\/wp-json\/wp\/v2\/users\/1"}],"replies":[{"embeddable":true,"href":"https:\/\/nicfa.ai\/fr\/wp-json\/wp\/v2\/comments?post=390"}],"version-history":[{"count":3,"href":"https:\/\/nicfa.ai\/fr\/wp-json\/wp\/v2\/pages\/390\/revisions"}],"predecessor-version":[{"id":495,"href":"https:\/\/nicfa.ai\/fr\/wp-json\/wp\/v2\/pages\/390\/revisions\/495"}],"wp:attachment":[{"href":"https:\/\/nicfa.ai\/fr\/wp-json\/wp\/v2\/media?parent=390"}],"curies":[{"name":"wp","href":"https:\/\/api.w.org\/{rel}","templated":true}]}}