{"id":398,"date":"2025-11-07T03:50:05","date_gmt":"2025-11-07T03:50:05","guid":{"rendered":"https:\/\/nicfa.ai\/azienda\/"},"modified":"2025-11-26T08:12:50","modified_gmt":"2025-11-26T08:12:50","slug":"azienda","status":"publish","type":"page","link":"https:\/\/nicfa.ai\/fr\/azienda\/","title":{"rendered":"Entreprise"},"content":{"rendered":"<div id=\"cs-content\" class=\"cs-content\"><\/div>\n","protected":false},"excerpt":{"rendered":"<p>Exp\u00e9rience et innovation au service des soins de sant\u00e9 Fond\u00e9e en 2017, Nicfa s&rsquo;appuie sur plus de vingt ans d&rsquo;exp\u00e9rience dans le domaine des syst\u00e8mes d&rsquo;installation pour salles d&rsquo;op\u00e9ration et services hautement complexes. Son objectif est de d\u00e9velopper des solutions technologiques pour le traitement de l&rsquo;air et la gestion de l&rsquo;environnement qui r\u00e9pondent aux exigences de s\u00e9curit\u00e9, d&rsquo;efficacit\u00e9 et de &#8230; <\/p>\n<div><a href=\"https:\/\/nicfa.ai\/fr\/azienda\/\" class=\"more-link\">Read More<\/a><\/div>\n","protected":false},"author":1,"featured_media":0,"parent":0,"menu_order":0,"comment_status":"closed","ping_status":"closed","template":"template-blank-4.php","meta":{"footnotes":""},"class_list":["post-398","page","type-page","status-publish","hentry","no-post-thumbnail"],"_hostinger_reach_plugin_has_subscription_block":false,"_hostinger_reach_plugin_is_elementor":false,"_links":{"self":[{"href":"https:\/\/nicfa.ai\/fr\/wp-json\/wp\/v2\/pages\/398","targetHints":{"allow":["GET"]}}],"collection":[{"href":"https:\/\/nicfa.ai\/fr\/wp-json\/wp\/v2\/pages"}],"about":[{"href":"https:\/\/nicfa.ai\/fr\/wp-json\/wp\/v2\/types\/page"}],"author":[{"embeddable":true,"href":"https:\/\/nicfa.ai\/fr\/wp-json\/wp\/v2\/users\/1"}],"replies":[{"embeddable":true,"href":"https:\/\/nicfa.ai\/fr\/wp-json\/wp\/v2\/comments?post=398"}],"version-history":[{"count":4,"href":"https:\/\/nicfa.ai\/fr\/wp-json\/wp\/v2\/pages\/398\/revisions"}],"predecessor-version":[{"id":518,"href":"https:\/\/nicfa.ai\/fr\/wp-json\/wp\/v2\/pages\/398\/revisions\/518"}],"wp:attachment":[{"href":"https:\/\/nicfa.ai\/fr\/wp-json\/wp\/v2\/media?parent=398"}],"curies":[{"name":"wp","href":"https:\/\/api.w.org\/{rel}","templated":true}]}}