{"id":407,"date":"2025-11-07T04:03:48","date_gmt":"2025-11-07T04:03:48","guid":{"rendered":"https:\/\/nicfa.ai\/contatti\/"},"modified":"2026-04-02T07:46:26","modified_gmt":"2026-04-02T07:46:26","slug":"contatti","status":"publish","type":"page","link":"https:\/\/nicfa.ai\/fr\/contatti\/","title":{"rendered":"Contacts"},"content":{"rendered":"<div id=\"cs-content\" class=\"cs-content\"><\/div>\n","protected":false},"excerpt":{"rendered":"<p>Contacts Nous travaillons aux c\u00f4t\u00e9s de nos clients, en proposant des solutions sur mesure et en les accompagnant \u00e0 chaque \u00e9tape : conception, installation et formation.Notre force ? Une \u00e9quipe hautement qualifi\u00e9e, capable d\u2019allier rigueur technique et cr\u00e9ativit\u00e9 de conception.+39 348 2296566info@nicfa.aiNous vous proposons une assistance technique et un accompagnement \u00e0 la conception. Discutons ensemble de votre projet. Contactez-nous pour &#8230; <\/p>\n<div><a href=\"https:\/\/nicfa.ai\/fr\/contatti\/\" class=\"more-link\">Read More<\/a><\/div>\n","protected":false},"author":1,"featured_media":0,"parent":0,"menu_order":0,"comment_status":"closed","ping_status":"closed","template":"template-blank-4.php","meta":{"footnotes":""},"class_list":["post-407","page","type-page","status-publish","hentry","no-post-thumbnail"],"_hostinger_reach_plugin_has_subscription_block":false,"_hostinger_reach_plugin_is_elementor":false,"_links":{"self":[{"href":"https:\/\/nicfa.ai\/fr\/wp-json\/wp\/v2\/pages\/407","targetHints":{"allow":["GET"]}}],"collection":[{"href":"https:\/\/nicfa.ai\/fr\/wp-json\/wp\/v2\/pages"}],"about":[{"href":"https:\/\/nicfa.ai\/fr\/wp-json\/wp\/v2\/types\/page"}],"author":[{"embeddable":true,"href":"https:\/\/nicfa.ai\/fr\/wp-json\/wp\/v2\/users\/1"}],"replies":[{"embeddable":true,"href":"https:\/\/nicfa.ai\/fr\/wp-json\/wp\/v2\/comments?post=407"}],"version-history":[{"count":5,"href":"https:\/\/nicfa.ai\/fr\/wp-json\/wp\/v2\/pages\/407\/revisions"}],"predecessor-version":[{"id":595,"href":"https:\/\/nicfa.ai\/fr\/wp-json\/wp\/v2\/pages\/407\/revisions\/595"}],"wp:attachment":[{"href":"https:\/\/nicfa.ai\/fr\/wp-json\/wp\/v2\/media?parent=407"}],"curies":[{"name":"wp","href":"https:\/\/api.w.org\/{rel}","templated":true}]}}